{"id":1302,"date":"2021-06-09T11:16:48","date_gmt":"2021-06-09T11:16:48","guid":{"rendered":"https:\/\/kamperen.qodeinteractive.com\/?page_id=1302"},"modified":"2025-04-09T22:34:00","modified_gmt":"2025-04-09T20:34:00","slug":"kontakt","status":"publish","type":"page","link":"https:\/\/trioluxresort.com\/en\/kontakt\/","title":{"rendered":"Contact"},"content":{"rendered":"\t\t<div data-elementor-type=\"wp-page\" data-elementor-id=\"1302\" class=\"elementor elementor-1302\" data-elementor-post-type=\"page\">\n\t\t\t\t\t\t<section class=\"elementor-section elementor-top-section elementor-element elementor-element-7ef8bf8 elementor-section-full_width qodef-elementor-content-grid elementor-section-height-default elementor-section-height-default\" data-id=\"7ef8bf8\" data-element_type=\"section\">\n\t\t\t\t\t\t<div class=\"elementor-container elementor-column-gap-default\">\n\t\t\t\t\t<div class=\"elementor-column elementor-col-50 elementor-top-column elementor-element elementor-element-e4c0baa\" data-id=\"e4c0baa\" data-element_type=\"column\">\n\t\t\t<div class=\"elementor-widget-wrap elementor-element-populated\">\n\t\t\t\t\t\t<div class=\"elementor-element elementor-element-8bdf3cb elementor-widget elementor-widget-text-editor\" data-id=\"8bdf3cb\" data-element_type=\"widget\" data-widget_type=\"text-editor.default\">\n\t\t\t\t<div class=\"elementor-widget-container\">\n\t\t\t\t\t\t\t\t\t<h4>Budite slobodni da nas kontaktirate\u00a0<\/h4>\t\t\t\t\t\t\t\t<\/div>\n\t\t\t\t<\/div>\n\t\t\t\t<div class=\"elementor-element elementor-element-3aa4645 elementor-widget elementor-widget-text-editor\" data-id=\"3aa4645\" data-element_type=\"widget\" data-widget_type=\"text-editor.default\">\n\t\t\t\t<div class=\"elementor-widget-container\">\n\t\t\t\t\t\t\t\t\t<p>Ukoliko vam je potrebna bilo koja informacija po pitanju na\u0161ih ara\u017emana, sme\u0161taja ili usluge mo\u017eete nas kontaktirati putem maila ili telefona.<\/p><p>Svakog dana od 07:00 do 24:00<\/p>\t\t\t\t\t\t\t\t<\/div>\n\t\t\t\t<\/div>\n\t\t\t\t<div class=\"elementor-element elementor-element-1019622 elementor-widget elementor-widget-kamperen_core_section_title\" data-id=\"1019622\" data-element_type=\"widget\" data-widget_type=\"kamperen_core_section_title.default\">\n\t\t\t\t<div class=\"elementor-widget-container\">\n\t\t\t\t\t<div class=\"qodef-shortcode qodef-m  qodef-section-title qodef-alignment--left \">\n\t\t\t\t<p class=\"qodef-m-text\" style=\"color: #000000\">Kontakt telefon:  +387 65 588 726\n\n<\/p>\n<\/div>\n\t\t\t\t<\/div>\n\t\t\t\t<\/div>\n\t\t\t\t<div class=\"elementor-element elementor-element-6d13757 elementor-widget elementor-widget-text-editor\" data-id=\"6d13757\" data-element_type=\"widget\" data-widget_type=\"text-editor.default\">\n\t\t\t\t<div class=\"elementor-widget-container\">\n\t\t\t\t\t\t\t\t\t<p>Email: <strong><a href=\"mailto:info@trioluxresort.com\">info@trioluxresort.com<\/a><\/strong><\/p>\t\t\t\t\t\t\t\t<\/div>\n\t\t\t\t<\/div>\n\t\t\t\t<section class=\"elementor-section elementor-inner-section elementor-element elementor-element-ff808ef elementor-section-boxed elementor-section-height-default elementor-section-height-default qodef-elementor-content-no\" data-id=\"ff808ef\" data-element_type=\"section\">\n\t\t\t\t\t\t<div class=\"elementor-container elementor-column-gap-default\">\n\t\t\t\t\t<div class=\"elementor-column elementor-col-50 elementor-inner-column elementor-element elementor-element-c9786fc contact-social-text\" data-id=\"c9786fc\" data-element_type=\"column\">\n\t\t\t<div class=\"elementor-widget-wrap elementor-element-populated\">\n\t\t\t\t\t\t<div class=\"elementor-element elementor-element-71faea8 elementor-widget elementor-widget-text-editor\" data-id=\"71faea8\" data-element_type=\"widget\" data-widget_type=\"text-editor.default\">\n\t\t\t\t<div class=\"elementor-widget-container\">\n\t\t\t\t\t\t\t\t\t<p><span style=\"font-family: Prompt; font-size: 18px; color: #000;\">Dru\u0161tvene mre\u017ee:<\/span><\/p>\t\t\t\t\t\t\t\t<\/div>\n\t\t\t\t<\/div>\n\t\t\t\t\t<\/div>\n\t\t<\/div>\n\t\t\t\t<div class=\"elementor-column elementor-col-50 elementor-inner-column elementor-element elementor-element-bfbf7a7\" data-id=\"bfbf7a7\" data-element_type=\"column\">\n\t\t\t<div class=\"elementor-widget-wrap elementor-element-populated\">\n\t\t\t\t\t\t<div class=\"elementor-element elementor-element-f160717 elementor-widget__width-initial elementor-widget elementor-widget-kamperen_core_icon\" data-id=\"f160717\" data-element_type=\"widget\" data-widget_type=\"kamperen_core_icon.default\">\n\t\t\t\t<div class=\"elementor-widget-container\">\n\t\t\t\t\t<span class=\"qodef-shortcode qodef-m  qodef-icon-holder qodef-size--default qodef-layout--normal\"  style=\"margin: 0 0 0 5%\">\n\t\t\t<a itemprop=\"url\" href=\"https:\/\/www.facebook.com\/trioluxresort\/\" target=\"_blank\">\n\t\t\t<span class=\"qodef-icon-font-awesome fab fa-facebook-f qodef-icon qodef-e\" style=\"font-size: 20px\" ><\/span>\t\t\t<\/a>\n\t<\/span>\n\t\t\t\t<\/div>\n\t\t\t\t<\/div>\n\t\t\t\t<div class=\"elementor-element elementor-element-4cfc4a0 elementor-widget__width-initial elementor-widget elementor-widget-kamperen_core_icon\" data-id=\"4cfc4a0\" data-element_type=\"widget\" data-widget_type=\"kamperen_core_icon.default\">\n\t\t\t\t<div class=\"elementor-widget-container\">\n\t\t\t\t\t<span class=\"qodef-shortcode qodef-m  qodef-icon-holder qodef-size--default qodef-layout--normal\"  >\n\t\t\t<a itemprop=\"url\" href=\"https:\/\/www.instagram.com\/trioluxresort\/\" target=\"_blank\">\n\t\t\t<span class=\"qodef-icon-font-awesome fab fa-instagram qodef-icon qodef-e\" style=\"font-size: 20px\" ><\/span>\t\t\t<\/a>\n\t<\/span>\n\t\t\t\t<\/div>\n\t\t\t\t<\/div>\n\t\t\t\t<div class=\"elementor-element elementor-element-4a6e57e elementor-widget__width-initial elementor-widget elementor-widget-kamperen_core_icon\" data-id=\"4a6e57e\" data-element_type=\"widget\" data-widget_type=\"kamperen_core_icon.default\">\n\t\t\t\t<div class=\"elementor-widget-container\">\n\t\t\t\t\t<span class=\"qodef-shortcode qodef-m  qodef-icon-holder qodef-size--default qodef-layout--normal\"  >\n\t\t\t<a itemprop=\"url\" href=\"https:\/\/www.booking.com\/hotel\/ba\/trio-lux-resort.hr.html\" target=\"_blank\">\n\t\t\t<span class=\"qodef-icon-font-awesome fab fa-tripadvisor qodef-icon qodef-e\" style=\"font-size: 20px\" ><\/span>\t\t\t<\/a>\n\t<\/span>\n\t\t\t\t<\/div>\n\t\t\t\t<\/div>\n\t\t\t\t<div class=\"elementor-element elementor-element-2ac62c5 elementor-widget__width-initial elementor-widget elementor-widget-kamperen_core_icon\" data-id=\"2ac62c5\" data-element_type=\"widget\" data-widget_type=\"kamperen_core_icon.default\">\n\t\t\t\t<div class=\"elementor-widget-container\">\n\t\t\t\t\t<span class=\"qodef-shortcode qodef-m  qodef-icon-holder qodef-size--default qodef-layout--normal\"  >\n\t\t\t<a itemprop=\"url\" href=\"https:\/\/www.youtube.com\/channel\/UCZUh3a2pJVRXz125wDTFz9A\/\" target=\"_blank\">\n\t\t\t<span class=\"qodef-icon-font-awesome fab fa-youtube qodef-icon qodef-e\" style=\"font-size: 20px\" ><\/span>\t\t\t<\/a>\n\t<\/span>\n\t\t\t\t<\/div>\n\t\t\t\t<\/div>\n\t\t\t\t\t<\/div>\n\t\t<\/div>\n\t\t\t\t\t<\/div>\n\t\t<\/section>\n\t\t\t\t\t<\/div>\n\t\t<\/div>\n\t\t\t\t<div class=\"elementor-column elementor-col-50 elementor-top-column elementor-element elementor-element-39b8df4\" data-id=\"39b8df4\" data-element_type=\"column\">\n\t\t\t<div class=\"elementor-widget-wrap elementor-element-populated\">\n\t\t\t\t\t\t<div class=\"elementor-element elementor-element-cba72a9 elementor-widget elementor-widget-text-editor\" data-id=\"cba72a9\" data-element_type=\"widget\" data-widget_type=\"text-editor.default\">\n\t\t\t\t<div class=\"elementor-widget-container\">\n\t\t\t\t\t\t\t\t\t<h4>Rezervacije na <a href=\"mailto:info@trioluxresort.com\">info@trioluxresort.com<\/a><\/h4>\t\t\t\t\t\t\t\t<\/div>\n\t\t\t\t<\/div>\n\t\t\t\t\t<\/div>\n\t\t<\/div>\n\t\t\t\t\t<\/div>\n\t\t<\/section>\n\t\t\t\t<section class=\"elementor-section elementor-top-section elementor-element elementor-element-29779f6 elementor-section-full_width qodef-elementor-content-grid elementor-section-height-default elementor-section-height-default\" data-id=\"29779f6\" data-element_type=\"section\">\n\t\t\t\t\t\t<div class=\"elementor-container elementor-column-gap-default\">\n\t\t\t\t\t<div class=\"elementor-column elementor-col-100 elementor-top-column elementor-element elementor-element-104da44\" data-id=\"104da44\" data-element_type=\"column\">\n\t\t\t<div class=\"elementor-widget-wrap elementor-element-populated\">\n\t\t\t\t\t\t<div class=\"elementor-element elementor-element-556a773 elementor-widget elementor-widget-kamperen_core_google_map\" data-id=\"556a773\" data-element_type=\"widget\" data-widget_type=\"kamperen_core_google_map.default\">\n\t\t\t\t<div class=\"elementor-widget-container\">\n\t\t\t\t\t<div class=\"qodef-shortcode qodef-m  qodef-google-map\">\n\t<div class=\"qodef-m-map\" id=\"qodef-map-id--193\" data-addresses='[\"Sandycove Cottage, Sandycove, Kinsale, Co. Cork, Ireland\"]' data-pin=https:\/\/trioluxresort.com\/wp-content\/uploads\/2021\/07\/Pin.png data-unique-id=193 data-height=615><\/div>\n<\/div>\n\t\t\t\t<\/div>\n\t\t\t\t<\/div>\n\t\t\t\t\t<\/div>\n\t\t<\/div>\n\t\t\t\t\t<\/div>\n\t\t<\/section>\n\t\t\t\t<section class=\"elementor-section elementor-top-section elementor-element elementor-element-66ab933 elementor-section-full_width qodef-elementor-content-grid elementor-section-height-default elementor-section-height-default\" data-id=\"66ab933\" data-element_type=\"section\">\n\t\t\t\t\t\t<div class=\"elementor-container elementor-column-gap-default\">\n\t\t\t\t\t<div class=\"elementor-column elementor-col-50 elementor-top-column elementor-element elementor-element-f7ef7a7\" data-id=\"f7ef7a7\" data-element_type=\"column\">\n\t\t\t<div class=\"elementor-widget-wrap elementor-element-populated\">\n\t\t\t\t\t\t<div class=\"elementor-element elementor-element-1bdc43a elementor-widget elementor-widget-text-editor\" data-id=\"1bdc43a\" data-element_type=\"widget\" data-widget_type=\"text-editor.default\">\n\t\t\t\t<div class=\"elementor-widget-container\">\n\t\t\t\t\t\t\t\t\t<h4>Prona\u0111ite nas na mapi<\/h4>\t\t\t\t\t\t\t\t<\/div>\n\t\t\t\t<\/div>\n\t\t\t\t<div class=\"elementor-element elementor-element-2dacc2b elementor-widget elementor-widget-text-editor\" data-id=\"2dacc2b\" data-element_type=\"widget\" data-widget_type=\"text-editor.default\">\n\t\t\t\t<div class=\"elementor-widget-container\">\n\t\t\t\t\t\t\t\t\t<iframe src=\"https:\/\/www.google.com\/maps\/embed?pb=!1m18!1m12!1m3!1d2899.5085508223938!2d18.783755315489174!3d43.38729897913135!2m3!1f0!2f0!3f0!3m2!1i1024!2i768!4f13.1!3m3!1m2!1s0x134cd598465cceaf%3A0xbf09c380ae34f6bd!2sTrio%20Lux%20Resort!5e0!3m2!1sen!2srs!4v1645285895731!5m2!1sen!2srs\" width=\"600\" height=\"450\" style=\"border:0;\" allowfullscreen=\"\" loading=\"lazy\"><\/iframe>\t\t\t\t\t\t\t\t<\/div>\n\t\t\t\t<\/div>\n\t\t\t\t<div class=\"elementor-element elementor-element-8469885 elementor-widget elementor-widget-text-editor\" data-id=\"8469885\" data-element_type=\"widget\" data-widget_type=\"text-editor.default\">\n\t\t\t\t<div class=\"elementor-widget-container\">\n\t\t\t\t\t\t\t\t\t<h6>Latitude: 43.38745101915943, 18.785986913305003<\/h6>\t\t\t\t\t\t\t\t<\/div>\n\t\t\t\t<\/div>\n\t\t\t\t\t<\/div>\n\t\t<\/div>\n\t\t\t\t<div class=\"elementor-column elementor-col-50 elementor-top-column elementor-element elementor-element-24953d6\" data-id=\"24953d6\" data-element_type=\"column\">\n\t\t\t<div class=\"elementor-widget-wrap elementor-element-populated\">\n\t\t\t\t\t\t<div class=\"elementor-element elementor-element-1823baf elementor-hidden-desktop elementor-hidden-tablet elementor-hidden-mobile elementor-widget elementor-widget-text-editor\" data-id=\"1823baf\" data-element_type=\"widget\" data-widget_type=\"text-editor.default\">\n\t\t\t\t<div class=\"elementor-widget-container\">\n\t\t\t\t\t\t\t\t\t<h4>Payment methods<\/h4>\t\t\t\t\t\t\t\t<\/div>\n\t\t\t\t<\/div>\n\t\t\t\t<div class=\"elementor-element elementor-element-5f2ef09 elementor-hidden-desktop elementor-hidden-tablet elementor-hidden-mobile elementor-widget elementor-widget-image\" data-id=\"5f2ef09\" data-element_type=\"widget\" data-widget_type=\"image.default\">\n\t\t\t\t<div class=\"elementor-widget-container\">\n\t\t\t\t\t\t\t\t\t\t\t\t\t\t\t<img decoding=\"async\" width=\"172\" height=\"32\" src=\"https:\/\/trioluxresort.com\/wp-content\/uploads\/2021\/06\/Contact-cards-img.png\" class=\"attachment-full size-full wp-image-1450\" alt=\"a\" \/>\t\t\t\t\t\t\t\t\t\t\t\t\t\t\t<\/div>\n\t\t\t\t<\/div>\n\t\t\t\t\t<\/div>\n\t\t<\/div>\n\t\t\t\t\t<\/div>\n\t\t<\/section>\n\t\t\t\t<section class=\"elementor-section elementor-top-section elementor-element elementor-element-0418529 elementor-section-full_width elementor-hidden-desktop elementor-hidden-tablet elementor-hidden-mobile elementor-section-height-default elementor-section-height-default qodef-elementor-content-no\" data-id=\"0418529\" data-element_type=\"section\" data-settings=\"{&quot;background_background&quot;:&quot;classic&quot;}\">\n\t\t\t\t\t\t<div class=\"elementor-container elementor-column-gap-default\">\n\t\t\t\t\t<div class=\"elementor-column elementor-col-100 elementor-top-column elementor-element elementor-element-7a69b60\" data-id=\"7a69b60\" data-element_type=\"column\">\n\t\t\t<div class=\"elementor-widget-wrap elementor-element-populated\">\n\t\t\t\t\t\t<section class=\"elementor-section elementor-inner-section elementor-element elementor-element-8dae779 elementor-section-full_width qodef-elementor-content-grid elementor-section-height-default elementor-section-height-default\" data-id=\"8dae779\" data-element_type=\"section\">\n\t\t\t\t\t\t<div class=\"elementor-container elementor-column-gap-default\">\n\t\t\t\t\t<div class=\"elementor-column elementor-col-100 elementor-inner-column elementor-element elementor-element-6c72bfe\" data-id=\"6c72bfe\" data-element_type=\"column\">\n\t\t\t<div class=\"elementor-widget-wrap elementor-element-populated\">\n\t\t\t\t\t\t<div class=\"elementor-element elementor-element-1d14244 elementor-hidden-phone elementor-widget elementor-widget-kamperen_core_section_title\" data-id=\"1d14244\" data-element_type=\"widget\" data-widget_type=\"kamperen_core_section_title.default\">\n\t\t\t\t<div class=\"elementor-widget-container\">\n\t\t\t\t\t<div class=\"qodef-shortcode qodef-m  qodef-section-title qodef-alignment--left \">\n\t\t<div class=\"qodef-m-tagline-mark\" >\n\t\tNewsletter\t<\/div>\n\t\t<\/div>\n\t\t\t\t<\/div>\n\t\t\t\t<\/div>\n\t\t\t\t<div class=\"elementor-element elementor-element-4a4fd66 elementor-widget elementor-widget-wp-widget-kamperen_core_contact_form_7\" data-id=\"4a4fd66\" data-element_type=\"widget\" data-widget_type=\"wp-widget-kamperen_core_contact_form_7.default\">\n\t\t\t\t<div class=\"elementor-widget-container\">\n\t\t\t\t\t\t\t\t<div class=\"qodef-contact-form-7\">\n\t\t\t\t<p class=\"wpcf7-contact-form-not-found\"><strong>Error:<\/strong> Contact form not found.<\/p>\t\t\t<\/div>\n\t\t\t\t\t\t\t<\/div>\n\t\t\t\t<\/div>\n\t\t\t\t\t<\/div>\n\t\t<\/div>\n\t\t\t\t\t<\/div>\n\t\t<\/section>\n\t\t\t\t\t<\/div>\n\t\t<\/div>\n\t\t\t\t\t<\/div>\n\t\t<\/section>\n\t\t\t\t<\/div>\n\t\t","protected":false},"excerpt":{"rendered":"<p>Budite slobodni da nas kontaktirate\u00a0 Ukoliko vam je potrebna bilo koja informacija po pitanju na\u0161ih ara\u017emana, sme\u0161taja ili usluge mo\u017eete nas kontaktirati putem maila ili telefona. Svakog dana od 07:00 do 24:00 Kontakt telefon: +387 65 588 726 Email: info@trioluxresort.com Dru\u0161tvene mre\u017ee: Rezervacije na info@trioluxresort.com Prona\u0111ite nas na mapi Latitude: 43.38745101915943, 18.785986913305003 Payment methods Newsletter<\/p>","protected":false},"author":1,"featured_media":0,"parent":0,"menu_order":0,"comment_status":"closed","ping_status":"closed","template":"page-full-width.php","meta":{"footnotes":""},"yoast_head":"<!-- This site is optimized with the Yoast SEO plugin v23.5 - https:\/\/yoast.com\/wordpress\/plugins\/seo\/ -->\n<title>Kontakt - Rafting Tarom<\/title>\n<meta name=\"robots\" content=\"index, follow, max-snippet:-1, max-image-preview:large, max-video-preview:-1\" \/>\n<link rel=\"canonical\" href=\"https:\/\/trioluxresort.com\/en\/kontakt\/\" \/>\n<meta property=\"og:locale\" content=\"en_GB\" \/>\n<meta property=\"og:type\" content=\"article\" \/>\n<meta property=\"og:title\" content=\"Kontakt - Rafting Tarom\" \/>\n<meta property=\"og:description\" content=\"Budite slobodni da nas kontaktirate\u00a0 Ukoliko vam je potrebna bilo koja informacija po pitanju na\u0161ih ara\u017emana, sme\u0161taja ili usluge mo\u017eete nas kontaktirati putem maila ili telefona. Svakog dana od 07:00 do 24:00 Kontakt telefon: +387 65 588 726 Email: info@trioluxresort.com Dru\u0161tvene mre\u017ee: Rezervacije na info@trioluxresort.com Prona\u0111ite nas na mapi Latitude: 43.38745101915943, 18.785986913305003 Payment methods Newsletter\" \/>\n<meta property=\"og:url\" content=\"https:\/\/trioluxresort.com\/en\/kontakt\/\" \/>\n<meta property=\"og:site_name\" content=\"Rafting Tarom\" \/>\n<meta property=\"article:publisher\" content=\"https:\/\/www.facebook.com\/trioluxresort\/\" \/>\n<meta property=\"article:modified_time\" content=\"2025-04-09T20:34:00+00:00\" \/>\n<meta property=\"og:image\" content=\"https:\/\/trioluxresort.com\/wp-content\/uploads\/2021\/06\/Contact-cards-img.png\" \/>\n<meta name=\"twitter:card\" content=\"summary_large_image\" \/>\n<meta name=\"twitter:label1\" content=\"Estimated reading time\" \/>\n\t<meta name=\"twitter:data1\" content=\"1 minute\" \/>\n<!-- \/ Yoast SEO plugin. -->","yoast_head_json":{"title":"Kontakt - Rafting Tarom","robots":{"index":"index","follow":"follow","max-snippet":"max-snippet:-1","max-image-preview":"max-image-preview:large","max-video-preview":"max-video-preview:-1"},"canonical":"https:\/\/trioluxresort.com\/en\/kontakt\/","og_locale":"en_GB","og_type":"article","og_title":"Kontakt - Rafting Tarom","og_description":"Budite slobodni da nas kontaktirate\u00a0 Ukoliko vam je potrebna bilo koja informacija po pitanju na\u0161ih ara\u017emana, sme\u0161taja ili usluge mo\u017eete nas kontaktirati putem maila ili telefona. Svakog dana od 07:00 do 24:00 Kontakt telefon: +387 65 588 726 Email: info@trioluxresort.com Dru\u0161tvene mre\u017ee: Rezervacije na info@trioluxresort.com Prona\u0111ite nas na mapi Latitude: 43.38745101915943, 18.785986913305003 Payment methods Newsletter","og_url":"https:\/\/trioluxresort.com\/en\/kontakt\/","og_site_name":"Rafting Tarom","article_publisher":"https:\/\/www.facebook.com\/trioluxresort\/","article_modified_time":"2025-04-09T20:34:00+00:00","og_image":[{"url":"https:\/\/trioluxresort.com\/wp-content\/uploads\/2021\/06\/Contact-cards-img.png"}],"twitter_card":"summary_large_image","twitter_misc":{"Estimated reading time":"1 minute"},"schema":{"@context":"https:\/\/schema.org","@graph":[{"@type":"WebPage","@id":"https:\/\/trioluxresort.com\/kontakt\/","url":"https:\/\/trioluxresort.com\/kontakt\/","name":"Kontakt - Rafting Tarom","isPartOf":{"@id":"https:\/\/trioluxresort.com\/sr_rs\/#website"},"primaryImageOfPage":{"@id":"https:\/\/trioluxresort.com\/kontakt\/#primaryimage"},"image":{"@id":"https:\/\/trioluxresort.com\/kontakt\/#primaryimage"},"thumbnailUrl":"https:\/\/trioluxresort.com\/wp-content\/uploads\/2021\/06\/Contact-cards-img.png","datePublished":"2021-06-09T11:16:48+00:00","dateModified":"2025-04-09T20:34:00+00:00","breadcrumb":{"@id":"https:\/\/trioluxresort.com\/kontakt\/#breadcrumb"},"inLanguage":"en-GB","potentialAction":[{"@type":"ReadAction","target":["https:\/\/trioluxresort.com\/kontakt\/"]}]},{"@type":"ImageObject","inLanguage":"en-GB","@id":"https:\/\/trioluxresort.com\/kontakt\/#primaryimage","url":"https:\/\/trioluxresort.com\/wp-content\/uploads\/2021\/06\/Contact-cards-img.png","contentUrl":"https:\/\/trioluxresort.com\/wp-content\/uploads\/2021\/06\/Contact-cards-img.png"},{"@type":"BreadcrumbList","@id":"https:\/\/trioluxresort.com\/kontakt\/#breadcrumb","itemListElement":[{"@type":"ListItem","position":1,"name":"\u041f\u043e\u0447\u0435\u0442\u043d\u0430","item":"https:\/\/trioluxresort.com\/"},{"@type":"ListItem","position":2,"name":"Kontakt"}]},{"@type":"WebSite","@id":"https:\/\/trioluxresort.com\/sr_rs\/#website","url":"https:\/\/trioluxresort.com\/sr_rs\/","name":"Tara Rafting","description":"Rafting Tarom - Trio Lux Resort","publisher":{"@id":"https:\/\/trioluxresort.com\/sr_rs\/#organization"},"potentialAction":[{"@type":"SearchAction","target":{"@type":"EntryPoint","urlTemplate":"https:\/\/trioluxresort.com\/sr_rs\/?s={search_term_string}"},"query-input":{"@type":"PropertyValueSpecification","valueRequired":true,"valueName":"search_term_string"}}],"inLanguage":"en-GB"},{"@type":"Organization","@id":"https:\/\/trioluxresort.com\/sr_rs\/#organization","name":"Trio Lux Resort - Rafting Tarom","url":"https:\/\/trioluxresort.com\/sr_rs\/","logo":{"@type":"ImageObject","inLanguage":"en-GB","@id":"https:\/\/trioluxresort.com\/sr_rs\/#\/schema\/logo\/image\/","url":"https:\/\/trioluxresort.com\/wp-content\/uploads\/2022\/02\/Trio-lux-Resort-logo-1-1-e1645201233668.png","contentUrl":"https:\/\/trioluxresort.com\/wp-content\/uploads\/2022\/02\/Trio-lux-Resort-logo-1-1-e1645201233668.png","width":290,"height":116,"caption":"Trio Lux Resort - Rafting Tarom"},"image":{"@id":"https:\/\/trioluxresort.com\/sr_rs\/#\/schema\/logo\/image\/"},"sameAs":["https:\/\/www.facebook.com\/trioluxresort\/","https:\/\/www.instagram.com\/trioluxresort\/","https:\/\/www.youtube.com\/channel\/UCZUh3a2pJVRXz125wDTFz9A"]}]}},"_links":{"self":[{"href":"https:\/\/trioluxresort.com\/en\/wp-json\/wp\/v2\/pages\/1302"}],"collection":[{"href":"https:\/\/trioluxresort.com\/en\/wp-json\/wp\/v2\/pages"}],"about":[{"href":"https:\/\/trioluxresort.com\/en\/wp-json\/wp\/v2\/types\/page"}],"author":[{"embeddable":true,"href":"https:\/\/trioluxresort.com\/en\/wp-json\/wp\/v2\/users\/1"}],"replies":[{"embeddable":true,"href":"https:\/\/trioluxresort.com\/en\/wp-json\/wp\/v2\/comments?post=1302"}],"version-history":[{"count":7,"href":"https:\/\/trioluxresort.com\/en\/wp-json\/wp\/v2\/pages\/1302\/revisions"}],"predecessor-version":[{"id":11573,"href":"https:\/\/trioluxresort.com\/en\/wp-json\/wp\/v2\/pages\/1302\/revisions\/11573"}],"wp:attachment":[{"href":"https:\/\/trioluxresort.com\/en\/wp-json\/wp\/v2\/media?parent=1302"}],"curies":[{"name":"wp","href":"https:\/\/api.w.org\/{rel}","templated":true}]}}