{"id":9111,"date":"2022-02-19T13:51:25","date_gmt":"2022-02-19T12:51:25","guid":{"rendered":"https:\/\/trioluxresort.com\/?page_id=9111"},"modified":"2022-09-24T14:47:08","modified_gmt":"2022-09-24T12:47:08","slug":"maglic","status":"publish","type":"page","link":"https:\/\/trioluxresort.com\/en\/maglic\/","title":{"rendered":"Magli\u0107"},"content":{"rendered":"<div data-elementor-type=\"wp-page\" data-elementor-id=\"9111\" class=\"elementor elementor-9111\" data-elementor-post-type=\"page\">\n\t\t\t\t\t\t<section class=\"elementor-section elementor-top-section elementor-element elementor-element-e566c9d elementor-section-full_width qodef-elementor-content-grid elementor-section-height-default elementor-section-height-default\" data-id=\"e566c9d\" data-element_type=\"section\">\n\t\t\t\t\t\t<div class=\"elementor-container elementor-column-gap-default\">\n\t\t\t\t\t<div class=\"elementor-column elementor-col-100 elementor-top-column elementor-element elementor-element-09f075c\" data-id=\"09f075c\" data-element_type=\"column\">\n\t\t\t<div class=\"elementor-widget-wrap elementor-element-populated\">\n\t\t\t\t\t\t<div class=\"elementor-element elementor-element-67174a9 elementor-widget elementor-widget-heading\" data-id=\"67174a9\" data-element_type=\"widget\" data-widget_type=\"heading.default\">\n\t\t\t\t<div class=\"elementor-widget-container\">\n\t\t\t\t\t<h2 class=\"elementor-heading-title elementor-size-default\">Magli\u0107<\/h2>\t\t\t\t<\/div>\n\t\t\t\t<\/div>\n\t\t\t\t<div class=\"elementor-element elementor-element-9948e24 elementor-widget elementor-widget-text-editor\" data-id=\"9948e24\" data-element_type=\"widget\" data-widget_type=\"text-editor.default\">\n\t\t\t\t<div class=\"elementor-widget-container\">\n\t\t\t\t\t\t\t\t\t<p><strong>Magli\u0107<\/strong> je dinarska planina na granici Bosne i Hercegovine i Crne Gore oko 20 km jugozapadno od Fo\u010de. Magli\u0107 je planina sa najvi\u0161im vrhom u BiH. Najvi\u0161i vrh planine je Veliki Vitao (2.396 m) u Crnoj Gori, dok je na bosanskoj strani planine najvi\u0161i vrh Magli\u0107 na 2.386 m nadmorske visine. Po drugim izvorima, najvi\u0161i vrh planine je Magli\u0107 sa 2.386 metara.<\/p><p>Planina je ome\u0111ena rekom <strong>Sutjeskom<\/strong> na zapadu, planinom Volujak na jugozapadu, rekama Drinom i Pivom na severoistoku, te planinom Bio\u010d na jugoistoku.<\/p><p><strong>Magli\u0107<\/strong> je obrastao bukovom i crnogori\u010dnom \u0161umom. Gornja \u0161umska granica je na oko 1.600 m, a iznad te visine je plato sa pa\u0161njacima i brojnim grebenima i visovima. Najpoznatije visoravni su Vu\u010devo (sa vrhom Crni Vrh), Rujevac, Sne\u017enica, Prevor i Mratinjska Gora. Na Magli\u0107u se nalazi i Peru\u0107ica, najve\u0107a pra\u0161uma u Evropi, te veliki cirk Urdeni dolovi sa Trnova\u010dkim jezerom na 1.517 m. Podno\u017eje planine i sve padine su bogate vodom, sa brojnim izvorima od kojih je najizda\u0161niji Carev Do koji nikad ne presu\u0161uje.<\/p>\t\t\t\t\t\t\t\t<\/div>\n\t\t\t\t<\/div>\n\t\t\t\t\t<\/div>\n\t\t<\/div>\n\t\t\t\t\t<\/div>\n\t\t<\/section>\n\t\t\t\t<section class=\"elementor-section elementor-top-section elementor-element elementor-element-729cea1 elementor-section-boxed elementor-section-height-default elementor-section-height-default qodef-elementor-content-no\" data-id=\"729cea1\" data-element_type=\"section\">\n\t\t\t\t\t\t<div class=\"elementor-container elementor-column-gap-default\">\n\t\t\t\t\t<div class=\"elementor-column elementor-col-100 elementor-top-column elementor-element elementor-element-fbc6c5f\" data-id=\"fbc6c5f\" data-element_type=\"column\">\n\t\t\t<div class=\"elementor-widget-wrap elementor-element-populated\">\n\t\t\t\t\t\t<div class=\"elementor-element elementor-element-c1df633 elementor-widget elementor-widget-qi_addons_for_elementor_image_slider\" data-id=\"c1df633\" data-element_type=\"widget\" data-widget_type=\"qi_addons_for_elementor_image_slider.default\">\n\t\t\t\t<div class=\"elementor-widget-container\">\n\t\t\t\t\t<div class=\"qodef-shortcode qodef-m qodef-qi-image-slider qodef-qi-fslightbox-popup qodef-popup-gallery qodef-col-num--3 qodef-qi-grid qodef-qi-swiper-container qodef-navigation--inside qodef-pagination--outside qodef-navigation--hover-move\" data-options=\"{&quot;direction&quot;:&quot;horizontal&quot;,&quot;slidesPerView&quot;:&quot;3&quot;,&quot;spaceBetween&quot;:10,&quot;spaceBetweenTablet&quot;:30,&quot;spaceBetweenMobile&quot;:30,&quot;effect&quot;:&quot;&quot;,&quot;loop&quot;:true,&quot;autoplay&quot;:true,&quot;centeredSlides&quot;:false,&quot;speed&quot;:&quot;&quot;,&quot;speedAnimation&quot;:&quot;&quot;,&quot;outsideNavigation&quot;:&quot;no&quot;,&quot;outsidePagination&quot;:&quot;yes&quot;,&quot;unique&quot;:620,&quot;partialValue&quot;:0,&quot;disablePartialValue&quot;:&quot;&quot;,&quot;parallax&quot;:&quot;no&quot;}\">\n\t<div class=\"swiper-wrapper\">\n\t\t<div class=\"qodef-e swiper-slide\">\n\t<div class=\"qodef-e-inner\">\n\t\t<div class=\"qodef-e-inner-holder\">\n\t\t\t\t\t\t\t<a class=\"qodef-popup-item\" itemprop=\"image\" href=\"https:\/\/trioluxresort.com\/wp-content\/uploads\/2021\/07\/Maglic-1a.jpg\" data-type=\"image\" data-fslightbox=\"gallery-620\" data-e-disable-page-transition=\"\u201dtrue\u201d\">\n\t\t\t\t\t\t\t<img fetchpriority=\"high\" decoding=\"async\" width=\"960\" height=\"712\" src=\"https:\/\/trioluxresort.com\/wp-content\/uploads\/2021\/07\/Maglic-1a.jpg\" class=\"attachment-full size-full\" alt=\"\" srcset=\"https:\/\/trioluxresort.com\/wp-content\/uploads\/2021\/07\/Maglic-1a.jpg 960w, https:\/\/trioluxresort.com\/wp-content\/uploads\/2021\/07\/Maglic-1a-600x445.jpg 600w, https:\/\/trioluxresort.com\/wp-content\/uploads\/2021\/07\/Maglic-1a-300x223.jpg 300w, https:\/\/trioluxresort.com\/wp-content\/uploads\/2021\/07\/Maglic-1a-768x570.jpg 768w, https:\/\/trioluxresort.com\/wp-content\/uploads\/2021\/07\/Maglic-1a-16x12.jpg 16w\" sizes=\"(max-width: 960px) 100vw, 960px\" \/>\t\t\t\t\t\t\t<\/a>\n\t\t\t\t\t<\/div>\n\t<\/div>\n\t<\/div>\n<div class=\"qodef-e swiper-slide\">\n\t<div class=\"qodef-e-inner\">\n\t\t<div class=\"qodef-e-inner-holder\">\n\t\t\t\t\t\t\t<a class=\"qodef-popup-item\" itemprop=\"image\" href=\"https:\/\/trioluxresort.com\/wp-content\/uploads\/2021\/06\/rafting-jun-2-960x1149-1.jpg\" data-type=\"image\" data-fslightbox=\"gallery-620\" data-e-disable-page-transition=\"\u201dtrue\u201d\">\n\t\t\t\t\t\t\t<img decoding=\"async\" width=\"960\" height=\"1149\" src=\"https:\/\/trioluxresort.com\/wp-content\/uploads\/2021\/06\/rafting-jun-2-960x1149-1.jpg\" class=\"attachment-full size-full\" alt=\"\" srcset=\"https:\/\/trioluxresort.com\/wp-content\/uploads\/2021\/06\/rafting-jun-2-960x1149-1.jpg 960w, https:\/\/trioluxresort.com\/wp-content\/uploads\/2021\/06\/rafting-jun-2-960x1149-1-600x718.jpg 600w, https:\/\/trioluxresort.com\/wp-content\/uploads\/2021\/06\/rafting-jun-2-960x1149-1-251x300.jpg 251w, https:\/\/trioluxresort.com\/wp-content\/uploads\/2021\/06\/rafting-jun-2-960x1149-1-856x1024.jpg 856w, https:\/\/trioluxresort.com\/wp-content\/uploads\/2021\/06\/rafting-jun-2-960x1149-1-768x919.jpg 768w\" sizes=\"(max-width: 960px) 100vw, 960px\" \/>\t\t\t\t\t\t\t<\/a>\n\t\t\t\t\t<\/div>\n\t<\/div>\n\t<\/div>\n\t<\/div>\n\t\t<div class=\"swiper-button-prev\"><svg class=\"qodef-swiper-arrow-left\" xmlns=\"http:\/\/www.w3.org\/2000\/svg\" x=\"0px\" y=\"0px\" viewbox=\"0 0 34.2 32.3\" xml:space=\"preserve\" style=\"stroke-width: 2;\"><line x1=\"0.5\" y1=\"16\" x2=\"33.5\" y2=\"16\"\/><line x1=\"0.3\" y1=\"16.5\" x2=\"16.2\" y2=\"0.7\"\/><line x1=\"0\" y1=\"15.4\" x2=\"16.2\" y2=\"31.6\"\/><\/svg><\/div>\n\t<div class=\"swiper-button-next\"><svg class=\"qodef-swiper-arrow-right\" xmlns=\"http:\/\/www.w3.org\/2000\/svg\" x=\"0px\" y=\"0px\" viewbox=\"0 0 34.2 32.3\" xml:space=\"preserve\" style=\"stroke-width: 2;\"><line x1=\"0\" y1=\"16\" x2=\"33\" y2=\"16\"\/><line x1=\"17.3\" y1=\"0.7\" x2=\"33.2\" y2=\"16.5\"\/><line x1=\"17.3\" y1=\"31.6\" x2=\"33.5\" y2=\"15.4\"\/><\/svg><\/div>\n<\/div>\n\t<div class=\"swiper-pagination qodef-swiper-pagination-outside swiper-pagination-620\"><\/div>\n\t\t\t\t<\/div>\n\t\t\t\t<\/div>\n\t\t\t\t\t<\/div>\n\t\t<\/div>\n\t\t\t\t\t<\/div>\n\t\t<\/section>\n\t\t\t\t<section class=\"elementor-section elementor-top-section elementor-element elementor-element-e7b4208 elementor-section-full_width qodef-elementor-content-grid elementor-section-height-default elementor-section-height-default\" data-id=\"e7b4208\" data-element_type=\"section\">\n\t\t\t\t\t\t<div class=\"elementor-container elementor-column-gap-default\">\n\t\t\t\t\t<div class=\"elementor-column elementor-col-50 elementor-top-column elementor-element elementor-element-a8f7feb\" data-id=\"a8f7feb\" data-element_type=\"column\">\n\t\t\t<div class=\"elementor-widget-wrap elementor-element-populated\">\n\t\t\t\t\t\t<div class=\"elementor-element elementor-element-c3cf071 elementor-widget elementor-widget-image\" data-id=\"c3cf071\" data-element_type=\"widget\" data-widget_type=\"image.default\">\n\t\t\t\t<div class=\"elementor-widget-container\">\n\t\t\t\t\t\t\t\t\t\t\t\t\t\t\t<img decoding=\"async\" width=\"522\" height=\"800\" src=\"https:\/\/trioluxresort.com\/wp-content\/uploads\/2021\/06\/Kamp-1.jpg\" class=\"attachment-full size-full wp-image-8800\" alt=\"\" srcset=\"https:\/\/trioluxresort.com\/wp-content\/uploads\/2021\/06\/Kamp-1.jpg 522w, https:\/\/trioluxresort.com\/wp-content\/uploads\/2021\/06\/Kamp-1-196x300.jpg 196w, https:\/\/trioluxresort.com\/wp-content\/uploads\/2021\/06\/Kamp-1-8x12.jpg 8w\" sizes=\"(max-width: 522px) 100vw, 522px\" \/>\t\t\t\t\t\t\t\t\t\t\t\t\t\t\t<\/div>\n\t\t\t\t<\/div>\n\t\t\t\t\t<\/div>\n\t\t<\/div>\n\t\t\t\t<div class=\"elementor-column elementor-col-50 elementor-top-column elementor-element elementor-element-ffe76b2\" data-id=\"ffe76b2\" data-element_type=\"column\">\n\t\t\t<div class=\"elementor-widget-wrap elementor-element-populated\">\n\t\t\t\t\t\t<div class=\"elementor-element elementor-element-f3eef3a elementor-widget elementor-widget-heading\" data-id=\"f3eef3a\" data-element_type=\"widget\" data-widget_type=\"heading.default\">\n\t\t\t\t<div class=\"elementor-widget-container\">\n\t\t\t\t\t<h2 class=\"elementor-heading-title elementor-size-default\">the Trio Lux Resort<\/h2>\t\t\t\t<\/div>\n\t\t\t\t<\/div>\n\t\t\t\t<div class=\"elementor-element elementor-element-f1ea0e6 elementor-widget elementor-widget-text-editor\" data-id=\"f1ea0e6\" data-element_type=\"widget\" data-widget_type=\"text-editor.default\">\n\t\t\t\t<div class=\"elementor-widget-container\">\n\t\t\t\t\t\t\t\t\t<p>The Trio Lux Resort, which is located just a few kilometers from the mouth of the Tara in the Drina, has a space for seminars, gatherings, conferences of all kinds and education where Wi-Fi and video beam for presentations.<\/p>\n<p><b>Conference space capacity: 60 people<\/b><br>Treat yourself and your employees to something special, something they will remember.&nbsp; <\/p>\n<p><u>Let your team be even stronger and more united!<\/u><\/p>\t\t\t\t\t\t\t\t<\/div>\n\t\t\t\t<\/div>\n\t\t\t\t<div class=\"elementor-element elementor-element-b3aa90c elementor-widget elementor-widget-text-editor\" data-id=\"b3aa90c\" data-element_type=\"widget\" data-widget_type=\"text-editor.default\">\n\t\t\t\t<div class=\"elementor-widget-container\">\n\t\t\t\t\t\t\t\t\t<p><b>Choose an activity for your team<br><\/b><\/p><p><b>Adventurism <\/b><br>Choose one of our outdoor activities such as rafting Tara as the best example of teamwork, canyoning through the canyon of the river Hr\u010davka, hiking or hiking tour to Trnova\u010dko Lake, tour of the Peru\u0107ica rainforest\u2026<b><br><\/b><\/p>\n<p><b>Games<\/b><br>Trio Lux Resort has 2 hectares of green grass, which allows the organization of many sports games and competitions. There are volleyball court, table tennis, table football, darts\u2026<b><br><\/b><\/p>\n<p><b>Activities at the pool<\/b><br>We offer our clients a holiday with 2 outdoor pools located in the central part of the Resort for various types of recreation and entertainment<\/p>\n<p><b>Evening parties and hanging out<br><\/b>U ve\u010dernjim satima&nbsp;organizujemo zabavu i opu\u0161teno dru\u017eenje&nbsp;u restoranu uz bazen ili uz otvoreno ognji\u0161te<br><\/p>\t\t\t\t\t\t\t\t<\/div>\n\t\t\t\t<\/div>\n\t\t\t\t\t<\/div>\n\t\t<\/div>\n\t\t\t\t\t<\/div>\n\t\t<\/section>\n\t\t\t\t<section class=\"elementor-section elementor-top-section elementor-element elementor-element-3e0cfd1 elementor-section-boxed elementor-section-height-default elementor-section-height-default qodef-elementor-content-no\" data-id=\"3e0cfd1\" data-element_type=\"section\">\n\t\t\t\t\t\t<div class=\"elementor-container elementor-column-gap-default\">\n\t\t\t\t\t<div class=\"elementor-column elementor-col-100 elementor-top-column elementor-element elementor-element-585294a\" data-id=\"585294a\" data-element_type=\"column\">\n\t\t\t<div class=\"elementor-widget-wrap elementor-element-populated\">\n\t\t\t\t\t\t<div class=\"elementor-element elementor-element-fa613f4 elementor-widget__width-inherit elementor-absolute elementor-widget elementor-widget-heading\" data-id=\"fa613f4\" data-element_type=\"widget\" data-settings=\"{&quot;_position&quot;:&quot;absolute&quot;}\" data-widget_type=\"heading.default\">\n\t\t\t\t<div class=\"elementor-widget-container\">\n\t\t\t\t\t<h3 class=\"elementor-heading-title elementor-size-default\">Choose an adventure, leave the rest to us!\nAt your disposal 7\/24\u00a0<\/h3>\t\t\t\t<\/div>\n\t\t\t\t<\/div>\n\t\t\t\t\t<\/div>\n\t\t<\/div>\n\t\t\t\t\t<\/div>\n\t\t<\/section>\n\t\t\t\t<section class=\"elementor-section elementor-top-section elementor-element elementor-element-d98d65a elementor-section-boxed elementor-section-height-default elementor-section-height-default qodef-elementor-content-no\" data-id=\"d98d65a\" data-element_type=\"section\">\n\t\t\t\t\t\t<div class=\"elementor-container elementor-column-gap-default\">\n\t\t\t\t\t<div class=\"elementor-column elementor-col-100 elementor-top-column elementor-element elementor-element-ff17d5e\" data-id=\"ff17d5e\" data-element_type=\"column\">\n\t\t\t<div class=\"elementor-widget-wrap elementor-element-populated\">\n\t\t\t\t\t\t<div class=\"elementor-element elementor-element-d8b226c elementor-widget elementor-widget-qi_addons_for_elementor_button\" data-id=\"d8b226c\" data-element_type=\"widget\" data-widget_type=\"qi_addons_for_elementor_button.default\">\n\t\t\t\t<div class=\"elementor-widget-container\">\n\t\t\t\t\t<a class=\"qodef-shortcode qodef-m qodef-qi-button qodef-html--link qodef-layout--filled qodef-type--standard qodef-icon--right qodef-hover--icon-move-horizontal-short\" href=\"tel:+38765588726\" target=\"_self\">\n\t<span class=\"qodef-m-text\">Call Us<\/span>\n\t<\/a>\n\t\t\t\t<\/div>\n\t\t\t\t<\/div>\n\t\t\t\t\t<\/div>\n\t\t<\/div>\n\t\t\t\t\t<\/div>\n\t\t<\/section>\n\t\t\t\t<\/div>","protected":false},"excerpt":{"rendered":"<p>Magli\u0107 Magli\u0107 je dinarska planina na granici Bosne i Hercegovine i Crne Gore oko 20 km jugozapadno od Fo\u010de. Magli\u0107 je planina sa najvi\u0161im vrhom u BiH. Najvi\u0161i vrh planine je Veliki Vitao (2.396 m) u Crnoj Gori, dok je na bosanskoj strani planine najvi\u0161i vrh Magli\u0107 na 2.386 m nadmorske visine. Po drugim izvorima, [&hellip;]<\/p>\n","protected":false},"author":1,"featured_media":0,"parent":0,"menu_order":0,"comment_status":"closed","ping_status":"closed","template":"page-full-width.php","meta":{"footnotes":""},"yoast_head":"<!-- This site is optimized with the Yoast SEO plugin v23.5 - https:\/\/yoast.com\/wordpress\/plugins\/seo\/ -->\n<title>Magli\u0107 - Rafting Tarom<\/title>\n<meta name=\"description\" content=\"Magli\u0107 je dinarska planina na granici Bosne i Hercegovine i Crne Gore oko 20 km jugozapadno od Fo\u010de. Magli\u0107 je planina sa najvi\u0161im vrhom u BiH.\" \/>\n<meta name=\"robots\" content=\"index, follow, max-snippet:-1, max-image-preview:large, max-video-preview:-1\" \/>\n<link rel=\"canonical\" href=\"https:\/\/trioluxresort.com\/en\/maglic\/\" \/>\n<meta property=\"og:locale\" content=\"en_GB\" \/>\n<meta property=\"og:type\" content=\"article\" \/>\n<meta property=\"og:title\" content=\"Magli\u0107\" \/>\n<meta property=\"og:description\" content=\"Magli\u0107 je dinarska planina na granici Bosne i Hercegovine i Crne Gore oko 20 km jugozapadno od Fo\u010de. Magli\u0107 je planina sa najvi\u0161im vrhom u BiH.\" \/>\n<meta property=\"og:url\" content=\"https:\/\/trioluxresort.com\/en\/maglic\/\" \/>\n<meta property=\"og:site_name\" content=\"Rafting Tarom\" \/>\n<meta property=\"article:publisher\" content=\"https:\/\/www.facebook.com\/trioluxresort\/\" \/>\n<meta property=\"article:modified_time\" content=\"2022-09-24T12:47:08+00:00\" \/>\n<meta property=\"og:image\" content=\"https:\/\/trioluxresort.com\/wp-content\/uploads\/2021\/07\/Maglic-2a.jpg\" \/>\n\t<meta property=\"og:image:width\" content=\"960\" \/>\n\t<meta property=\"og:image:height\" content=\"640\" \/>\n\t<meta property=\"og:image:type\" content=\"image\/jpeg\" \/>\n<meta name=\"twitter:card\" content=\"summary_large_image\" \/>\n<meta name=\"twitter:title\" content=\"Magli\u0107\" \/>\n<meta name=\"twitter:description\" content=\"Magli\u0107 je dinarska planina na granici Bosne i Hercegovine i Crne Gore oko 20 km jugozapadno od Fo\u010de. Magli\u0107 je planina sa najvi\u0161im vrhom u BiH.\" \/>\n<meta name=\"twitter:image\" content=\"https:\/\/trioluxresort.com\/wp-content\/uploads\/2021\/07\/Maglic-2a.jpg\" \/>\n<meta name=\"twitter:label1\" content=\"Estimated reading time\" \/>\n\t<meta name=\"twitter:data1\" content=\"4 minutes\" \/>\n<!-- \/ Yoast SEO plugin. -->","yoast_head_json":{"title":"Magli\u0107 - Rafting Tarom","description":"Magli\u0107 je dinarska planina na granici Bosne i Hercegovine i Crne Gore oko 20 km jugozapadno od Fo\u010de. Magli\u0107 je planina sa najvi\u0161im vrhom u BiH.","robots":{"index":"index","follow":"follow","max-snippet":"max-snippet:-1","max-image-preview":"max-image-preview:large","max-video-preview":"max-video-preview:-1"},"canonical":"https:\/\/trioluxresort.com\/en\/maglic\/","og_locale":"en_GB","og_type":"article","og_title":"Magli\u0107","og_description":"Magli\u0107 je dinarska planina na granici Bosne i Hercegovine i Crne Gore oko 20 km jugozapadno od Fo\u010de. Magli\u0107 je planina sa najvi\u0161im vrhom u BiH.","og_url":"https:\/\/trioluxresort.com\/en\/maglic\/","og_site_name":"Rafting Tarom","article_publisher":"https:\/\/www.facebook.com\/trioluxresort\/","article_modified_time":"2022-09-24T12:47:08+00:00","og_image":[{"width":960,"height":640,"url":"https:\/\/trioluxresort.com\/wp-content\/uploads\/2021\/07\/Maglic-2a.jpg","type":"image\/jpeg"}],"twitter_card":"summary_large_image","twitter_title":"Magli\u0107","twitter_description":"Magli\u0107 je dinarska planina na granici Bosne i Hercegovine i Crne Gore oko 20 km jugozapadno od Fo\u010de. Magli\u0107 je planina sa najvi\u0161im vrhom u BiH.","twitter_image":"https:\/\/trioluxresort.com\/wp-content\/uploads\/2021\/07\/Maglic-2a.jpg","twitter_misc":{"Estimated reading time":"4 minutes"},"schema":{"@context":"https:\/\/schema.org","@graph":[{"@type":"WebPage","@id":"https:\/\/trioluxresort.com\/maglic\/","url":"https:\/\/trioluxresort.com\/maglic\/","name":"Magli\u0107 - Rafting Tarom","isPartOf":{"@id":"https:\/\/trioluxresort.com\/sr_rs\/#website"},"primaryImageOfPage":{"@id":"https:\/\/trioluxresort.com\/maglic\/#primaryimage"},"image":{"@id":"https:\/\/trioluxresort.com\/maglic\/#primaryimage"},"thumbnailUrl":"https:\/\/trioluxresort.com\/wp-content\/uploads\/2021\/07\/Maglic-1a.jpg","datePublished":"2022-02-19T12:51:25+00:00","dateModified":"2022-09-24T12:47:08+00:00","description":"Magli\u0107 je dinarska planina na granici Bosne i Hercegovine i Crne Gore oko 20 km jugozapadno od Fo\u010de. Magli\u0107 je planina sa najvi\u0161im vrhom u BiH.","breadcrumb":{"@id":"https:\/\/trioluxresort.com\/maglic\/#breadcrumb"},"inLanguage":"en-GB","potentialAction":[{"@type":"ReadAction","target":["https:\/\/trioluxresort.com\/maglic\/"]}]},{"@type":"ImageObject","inLanguage":"en-GB","@id":"https:\/\/trioluxresort.com\/maglic\/#primaryimage","url":"https:\/\/trioluxresort.com\/wp-content\/uploads\/2021\/07\/Maglic-1a.jpg","contentUrl":"https:\/\/trioluxresort.com\/wp-content\/uploads\/2021\/07\/Maglic-1a.jpg"},{"@type":"BreadcrumbList","@id":"https:\/\/trioluxresort.com\/maglic\/#breadcrumb","itemListElement":[{"@type":"ListItem","position":1,"name":"\u041f\u043e\u0447\u0435\u0442\u043d\u0430","item":"https:\/\/trioluxresort.com\/"},{"@type":"ListItem","position":2,"name":"Magli\u0107"}]},{"@type":"WebSite","@id":"https:\/\/trioluxresort.com\/sr_rs\/#website","url":"https:\/\/trioluxresort.com\/sr_rs\/","name":"Tara Rafting","description":"Rafting Tarom - Trio Lux Resort","publisher":{"@id":"https:\/\/trioluxresort.com\/sr_rs\/#organization"},"potentialAction":[{"@type":"SearchAction","target":{"@type":"EntryPoint","urlTemplate":"https:\/\/trioluxresort.com\/sr_rs\/?s={search_term_string}"},"query-input":{"@type":"PropertyValueSpecification","valueRequired":true,"valueName":"search_term_string"}}],"inLanguage":"en-GB"},{"@type":"Organization","@id":"https:\/\/trioluxresort.com\/sr_rs\/#organization","name":"Trio Lux Resort - Rafting Tarom","url":"https:\/\/trioluxresort.com\/sr_rs\/","logo":{"@type":"ImageObject","inLanguage":"en-GB","@id":"https:\/\/trioluxresort.com\/sr_rs\/#\/schema\/logo\/image\/","url":"https:\/\/trioluxresort.com\/wp-content\/uploads\/2022\/02\/Trio-lux-Resort-logo-1-1-e1645201233668.png","contentUrl":"https:\/\/trioluxresort.com\/wp-content\/uploads\/2022\/02\/Trio-lux-Resort-logo-1-1-e1645201233668.png","width":290,"height":116,"caption":"Trio Lux Resort - Rafting Tarom"},"image":{"@id":"https:\/\/trioluxresort.com\/sr_rs\/#\/schema\/logo\/image\/"},"sameAs":["https:\/\/www.facebook.com\/trioluxresort\/","https:\/\/www.instagram.com\/trioluxresort\/","https:\/\/www.youtube.com\/channel\/UCZUh3a2pJVRXz125wDTFz9A"]}]}},"_links":{"self":[{"href":"https:\/\/trioluxresort.com\/en\/wp-json\/wp\/v2\/pages\/9111"}],"collection":[{"href":"https:\/\/trioluxresort.com\/en\/wp-json\/wp\/v2\/pages"}],"about":[{"href":"https:\/\/trioluxresort.com\/en\/wp-json\/wp\/v2\/types\/page"}],"author":[{"embeddable":true,"href":"https:\/\/trioluxresort.com\/en\/wp-json\/wp\/v2\/users\/1"}],"replies":[{"embeddable":true,"href":"https:\/\/trioluxresort.com\/en\/wp-json\/wp\/v2\/comments?post=9111"}],"version-history":[{"count":0,"href":"https:\/\/trioluxresort.com\/en\/wp-json\/wp\/v2\/pages\/9111\/revisions"}],"wp:attachment":[{"href":"https:\/\/trioluxresort.com\/en\/wp-json\/wp\/v2\/media?parent=9111"}],"curies":[{"name":"wp","href":"https:\/\/api.w.org\/{rel}","templated":true}]}}